{"id":218,"date":"2020-04-13T11:18:54","date_gmt":"2020-04-13T09:18:54","guid":{"rendered":"http:\/\/adn-decouverte-blogs.fr\/accueil\/index.php\/home\/"},"modified":"2021-02-11T15:02:11","modified_gmt":"2021-02-11T14:02:11","slug":"home","status":"publish","type":"page","link":"https:\/\/adn-decouverte-blogs.fr\/accueil\/","title":{"rendered":"Accueil"},"content":{"rendered":"\t\t<div data-elementor-type=\"wp-page\" data-elementor-id=\"218\" class=\"elementor elementor-218\" data-elementor-settings=\"[]\">\n\t\t\t\t\t\t<div class=\"elementor-inner\">\n\t\t\t\t\t\t\t<div class=\"elementor-section-wrap\">\n\t\t\t\t\t\t\t<section class=\"elementor-section elementor-top-section elementor-element elementor-element-5939a86c elementor-section-height-min-height elementor-section-boxed elementor-section-height-default elementor-section-items-middle\" data-id=\"5939a86c\" data-element_type=\"section\" data-settings=\"{&quot;background_background&quot;:&quot;classic&quot;}\">\n\t\t\t\t\t\t\t<div class=\"elementor-background-overlay\"><\/div>\n\t\t\t\t\t\t\t<div class=\"elementor-container elementor-column-gap-no\">\n\t\t\t\t\t\t\t<div class=\"elementor-row\">\n\t\t\t\t\t<div class=\"elementor-column elementor-col-100 elementor-top-column elementor-element elementor-element-6f6a47a9\" data-id=\"6f6a47a9\" data-element_type=\"column\">\n\t\t\t<div class=\"elementor-column-wrap elementor-element-populated\">\n\t\t\t\t\t\t\t<div class=\"elementor-widget-wrap\">\n\t\t\t\t\t\t<div class=\"elementor-element elementor-element-ffa1734 elementor-widget elementor-widget-heading\" data-id=\"ffa1734\" data-element_type=\"widget\" data-widget_type=\"heading.default\">\n\t\t\t\t<div class=\"elementor-widget-container\">\n\t\t\t<h1 class=\"elementor-heading-title elementor-size-default\">ADN BLOGS<\/h1>\t\t<\/div>\n\t\t\t\t<\/div>\n\t\t\t\t<div class=\"elementor-element elementor-element-1c0d792 elementor-widget elementor-widget-text-editor\" data-id=\"1c0d792\" data-element_type=\"widget\" data-widget_type=\"text-editor.default\">\n\t\t\t\t<div class=\"elementor-widget-container\">\n\t\t\t\t\t<div class=\"elementor-text-editor elementor-clearfix\"><p>Lorem ipsum dolor sit amet, consectetur adipiscing elit. Ut elit tellus, luctus nec ullamcorper mattis, pulvinar dapibus leo.<\/p><\/div>\n\t\t\t\t<\/div>\n\t\t\t\t<\/div>\n\t\t\t\t\t\t<\/div>\n\t\t\t\t\t<\/div>\n\t\t<\/div>\n\t\t\t\t\t\t\t\t<\/div>\n\t\t\t\t\t<\/div>\n\t\t<\/section>\n\t\t\t\t<section class=\"elementor-section elementor-top-section elementor-element elementor-element-6e3ed8d elementor-section-boxed elementor-section-height-default elementor-section-height-default\" data-id=\"6e3ed8d\" data-element_type=\"section\">\n\t\t\t\t\t\t<div class=\"elementor-container elementor-column-gap-default\">\n\t\t\t\t\t\t\t<div class=\"elementor-row\">\n\t\t\t\t\t<div class=\"elementor-column elementor-col-100 elementor-top-column elementor-element elementor-element-5868e3c\" data-id=\"5868e3c\" data-element_type=\"column\">\n\t\t\t<div class=\"elementor-column-wrap elementor-element-populated\">\n\t\t\t\t\t\t\t<div class=\"elementor-widget-wrap\">\n\t\t\t\t\t\t<div class=\"elementor-element elementor-element-3020d60 elementor-widget elementor-widget-spacer\" data-id=\"3020d60\" data-element_type=\"widget\" data-widget_type=\"spacer.default\">\n\t\t\t\t<div class=\"elementor-widget-container\">\n\t\t\t\t\t<div class=\"elementor-spacer\">\n\t\t\t<div class=\"elementor-spacer-inner\"><\/div>\n\t\t<\/div>\n\t\t\t\t<\/div>\n\t\t\t\t<\/div>\n\t\t\t\t\t\t<\/div>\n\t\t\t\t\t<\/div>\n\t\t<\/div>\n\t\t\t\t\t\t\t\t<\/div>\n\t\t\t\t\t<\/div>\n\t\t<\/section>\n\t\t\t\t<section class=\"elementor-section elementor-top-section elementor-element elementor-element-b95fcc5 elementor-section-boxed elementor-section-height-default elementor-section-height-default\" data-id=\"b95fcc5\" data-element_type=\"section\">\n\t\t\t\t\t\t<div class=\"elementor-container elementor-column-gap-default\">\n\t\t\t\t\t\t\t<div class=\"elementor-row\">\n\t\t\t\t\t<div class=\"elementor-column elementor-col-100 elementor-top-column elementor-element elementor-element-e0b8526\" data-id=\"e0b8526\" data-element_type=\"column\">\n\t\t\t<div class=\"elementor-column-wrap elementor-element-populated\">\n\t\t\t\t\t\t\t<div class=\"elementor-widget-wrap\">\n\t\t\t\t\t\t<div class=\"elementor-element elementor-element-58635a0 elementor-widget elementor-widget-text-editor\" data-id=\"58635a0\" data-element_type=\"widget\" data-widget_type=\"text-editor.default\">\n\t\t\t\t<div class=\"elementor-widget-container\">\n\t\t\t\t\t<div class=\"elementor-text-editor elementor-clearfix\"><h1>Et\u00e9 2021<\/h1><p>Retrouver tous les blogs de s\u00e9jours<\/p><\/div>\n\t\t\t\t<\/div>\n\t\t\t\t<\/div>\n\t\t\t\t\t\t<\/div>\n\t\t\t\t\t<\/div>\n\t\t<\/div>\n\t\t\t\t\t\t\t\t<\/div>\n\t\t\t\t\t<\/div>\n\t\t<\/section>\n\t\t\t\t<section class=\"elementor-section elementor-top-section elementor-element elementor-element-8916b0f elementor-section-height-min-height elementor-section-boxed elementor-section-height-default elementor-section-items-middle\" data-id=\"8916b0f\" data-element_type=\"section\">\n\t\t\t\t\t\t<div class=\"elementor-container elementor-column-gap-default\">\n\t\t\t\t\t\t\t<div class=\"elementor-row\">\n\t\t\t\t\t<div class=\"elementor-column elementor-col-16 elementor-top-column elementor-element elementor-element-aa82a14\" data-id=\"aa82a14\" data-element_type=\"column\">\n\t\t\t<div class=\"elementor-column-wrap elementor-element-populated\">\n\t\t\t\t\t\t\t<div class=\"elementor-widget-wrap\">\n\t\t\t\t\t\t<div class=\"elementor-element elementor-element-b71bad2 elementor-widget elementor-widget-image\" data-id=\"b71bad2\" data-element_type=\"widget\" data-widget_type=\"image.default\">\n\t\t\t\t<div class=\"elementor-widget-container\">\n\t\t\t\t\t<div class=\"elementor-image\">\n\t\t\t\t\t\t\t<figure class=\"wp-caption\">\n\t\t\t\t\t\t\t\t\t\t\t<a href=\"http:\/\/adn-decouverte-blogs.fr\/bellevue08201\">\n\t\t\t\t\t\t\t<img loading=\"lazy\" decoding=\"async\" width=\"1024\" height=\"682\" src=\"https:\/\/adn-decouverte-blogs.fr\/accueil\/wp-content\/uploads\/2021\/01\/snow-trees-bench-5910822-1024x682.jpg\" class=\"attachment-large size-large\" alt=\"snow, trees, bench\" srcset=\"https:\/\/adn-decouverte-blogs.fr\/accueil\/wp-content\/uploads\/2021\/01\/snow-trees-bench-5910822-1024x682.jpg 1024w, https:\/\/adn-decouverte-blogs.fr\/accueil\/wp-content\/uploads\/2021\/01\/snow-trees-bench-5910822-300x200.jpg 300w, https:\/\/adn-decouverte-blogs.fr\/accueil\/wp-content\/uploads\/2021\/01\/snow-trees-bench-5910822-768x512.jpg 768w, https:\/\/adn-decouverte-blogs.fr\/accueil\/wp-content\/uploads\/2021\/01\/snow-trees-bench-5910822.jpg 1280w\" sizes=\"auto, (max-width: 1024px) 100vw, 1024px\" \/>\t\t\t\t\t\t\t\t<\/a>\n\t\t\t\t\t\t\t\t\t\t\t<figcaption class=\"widget-image-caption wp-caption-text\">Copain des sables<\/figcaption>\n\t\t\t\t\t\t\t\t\t\t<\/figure>\n\t\t\t\t\t<\/div>\n\t\t\t\t<\/div>\n\t\t\t\t<\/div>\n\t\t\t\t\t\t<\/div>\n\t\t\t\t\t<\/div>\n\t\t<\/div>\n\t\t\t\t<div class=\"elementor-column elementor-col-16 elementor-top-column elementor-element elementor-element-f15c019\" data-id=\"f15c019\" data-element_type=\"column\">\n\t\t\t<div class=\"elementor-column-wrap elementor-element-populated\">\n\t\t\t\t\t\t\t<div class=\"elementor-widget-wrap\">\n\t\t\t\t\t\t<div class=\"elementor-element elementor-element-e546794 elementor-widget elementor-widget-image\" data-id=\"e546794\" data-element_type=\"widget\" data-widget_type=\"image.default\">\n\t\t\t\t<div class=\"elementor-widget-container\">\n\t\t\t\t\t<div class=\"elementor-image\">\n\t\t\t\t\t\t\t<figure class=\"wp-caption\">\n\t\t\t\t\t\t\t\t\t\t\t<a href=\"http:\/\/adn-decouverte-blogs.fr\/cpie101\">\n\t\t\t\t\t\t\t<img loading=\"lazy\" decoding=\"async\" width=\"1024\" height=\"682\" src=\"https:\/\/adn-decouverte-blogs.fr\/accueil\/wp-content\/uploads\/2021\/01\/winter-snow-landscape-5915750-1024x682.jpg\" class=\"attachment-large size-large\" alt=\"winter, snow, landscape\" srcset=\"https:\/\/adn-decouverte-blogs.fr\/accueil\/wp-content\/uploads\/2021\/01\/winter-snow-landscape-5915750-1024x682.jpg 1024w, https:\/\/adn-decouverte-blogs.fr\/accueil\/wp-content\/uploads\/2021\/01\/winter-snow-landscape-5915750-300x200.jpg 300w, https:\/\/adn-decouverte-blogs.fr\/accueil\/wp-content\/uploads\/2021\/01\/winter-snow-landscape-5915750-768x512.jpg 768w, https:\/\/adn-decouverte-blogs.fr\/accueil\/wp-content\/uploads\/2021\/01\/winter-snow-landscape-5915750.jpg 1280w\" sizes=\"auto, (max-width: 1024px) 100vw, 1024px\" \/>\t\t\t\t\t\t\t\t<\/a>\n\t\t\t\t\t\t\t\t\t\t\t<figcaption class=\"widget-image-caption wp-caption-text\">Les Petits Robinsons<\/figcaption>\n\t\t\t\t\t\t\t\t\t\t<\/figure>\n\t\t\t\t\t<\/div>\n\t\t\t\t<\/div>\n\t\t\t\t<\/div>\n\t\t\t\t\t\t<\/div>\n\t\t\t\t\t<\/div>\n\t\t<\/div>\n\t\t\t\t<div class=\"elementor-column elementor-col-16 elementor-top-column elementor-element elementor-element-d0c38f9\" data-id=\"d0c38f9\" data-element_type=\"column\">\n\t\t\t<div class=\"elementor-column-wrap elementor-element-populated\">\n\t\t\t\t\t\t\t<div class=\"elementor-widget-wrap\">\n\t\t\t\t\t\t<div class=\"elementor-element elementor-element-7c8a685 elementor-widget elementor-widget-image\" data-id=\"7c8a685\" data-element_type=\"widget\" data-widget_type=\"image.default\">\n\t\t\t\t<div class=\"elementor-widget-container\">\n\t\t\t\t\t<div class=\"elementor-image\">\n\t\t\t\t\t\t\t<figure class=\"wp-caption\">\n\t\t\t\t\t\t\t\t\t\t<img loading=\"lazy\" decoding=\"async\" width=\"1024\" height=\"682\" src=\"https:\/\/adn-decouverte-blogs.fr\/accueil\/wp-content\/uploads\/2021\/01\/landscape-sky-clouds-5916896-1024x682.jpg\" class=\"attachment-large size-large\" alt=\"landscape, sky, clouds\" srcset=\"https:\/\/adn-decouverte-blogs.fr\/accueil\/wp-content\/uploads\/2021\/01\/landscape-sky-clouds-5916896-1024x682.jpg 1024w, https:\/\/adn-decouverte-blogs.fr\/accueil\/wp-content\/uploads\/2021\/01\/landscape-sky-clouds-5916896-300x200.jpg 300w, https:\/\/adn-decouverte-blogs.fr\/accueil\/wp-content\/uploads\/2021\/01\/landscape-sky-clouds-5916896-768x512.jpg 768w, https:\/\/adn-decouverte-blogs.fr\/accueil\/wp-content\/uploads\/2021\/01\/landscape-sky-clouds-5916896.jpg 1280w\" sizes=\"auto, (max-width: 1024px) 100vw, 1024px\" \/>\t\t\t\t\t\t\t\t\t\t\t<figcaption class=\"widget-image-caption wp-caption-text\">Apprentis Pirates<\/figcaption>\n\t\t\t\t\t\t\t\t\t\t<\/figure>\n\t\t\t\t\t<\/div>\n\t\t\t\t<\/div>\n\t\t\t\t<\/div>\n\t\t\t\t\t\t<\/div>\n\t\t\t\t\t<\/div>\n\t\t<\/div>\n\t\t\t\t<div class=\"elementor-column elementor-col-16 elementor-top-column elementor-element elementor-element-e8ba8ed\" data-id=\"e8ba8ed\" data-element_type=\"column\">\n\t\t\t<div class=\"elementor-column-wrap elementor-element-populated\">\n\t\t\t\t\t\t\t<div class=\"elementor-widget-wrap\">\n\t\t\t\t\t\t<div class=\"elementor-element elementor-element-cc48283 elementor-widget elementor-widget-image\" data-id=\"cc48283\" data-element_type=\"widget\" data-widget_type=\"image.default\">\n\t\t\t\t<div class=\"elementor-widget-container\">\n\t\t\t\t\t<div class=\"elementor-image\">\n\t\t\t\t\t\t\t<figure class=\"wp-caption\">\n\t\t\t\t\t\t\t\t\t\t<img loading=\"lazy\" decoding=\"async\" width=\"1024\" height=\"683\" src=\"https:\/\/adn-decouverte-blogs.fr\/accueil\/wp-content\/uploads\/2021\/01\/road-coast-cliff-5904909-1024x683.jpg\" class=\"attachment-large size-large\" alt=\"road, coast, cliff\" srcset=\"https:\/\/adn-decouverte-blogs.fr\/accueil\/wp-content\/uploads\/2021\/01\/road-coast-cliff-5904909-1024x683.jpg 1024w, https:\/\/adn-decouverte-blogs.fr\/accueil\/wp-content\/uploads\/2021\/01\/road-coast-cliff-5904909-300x200.jpg 300w, https:\/\/adn-decouverte-blogs.fr\/accueil\/wp-content\/uploads\/2021\/01\/road-coast-cliff-5904909-768x512.jpg 768w, https:\/\/adn-decouverte-blogs.fr\/accueil\/wp-content\/uploads\/2021\/01\/road-coast-cliff-5904909.jpg 1280w\" sizes=\"auto, (max-width: 1024px) 100vw, 1024px\" \/>\t\t\t\t\t\t\t\t\t\t\t<figcaption class=\"widget-image-caption wp-caption-text\">Poney Circus<\/figcaption>\n\t\t\t\t\t\t\t\t\t\t<\/figure>\n\t\t\t\t\t<\/div>\n\t\t\t\t<\/div>\n\t\t\t\t<\/div>\n\t\t\t\t\t\t<\/div>\n\t\t\t\t\t<\/div>\n\t\t<\/div>\n\t\t\t\t<div class=\"elementor-column elementor-col-16 elementor-top-column elementor-element elementor-element-f5c4de5\" data-id=\"f5c4de5\" data-element_type=\"column\">\n\t\t\t<div class=\"elementor-column-wrap elementor-element-populated\">\n\t\t\t\t\t\t\t<div class=\"elementor-widget-wrap\">\n\t\t\t\t\t\t<div class=\"elementor-element elementor-element-7dfcf62 elementor-widget elementor-widget-image\" data-id=\"7dfcf62\" data-element_type=\"widget\" data-widget_type=\"image.default\">\n\t\t\t\t<div class=\"elementor-widget-container\">\n\t\t\t\t\t<div class=\"elementor-image\">\n\t\t\t\t\t\t\t<figure class=\"wp-caption\">\n\t\t\t\t\t\t\t\t\t\t<img loading=\"lazy\" decoding=\"async\" width=\"1024\" height=\"686\" src=\"https:\/\/adn-decouverte-blogs.fr\/accueil\/wp-content\/uploads\/2021\/01\/dog-hybrid-mixed-breed-dog-5913243-1024x686.jpg\" class=\"attachment-large size-large\" alt=\"dog, hybrid, mixed breed dog\" srcset=\"https:\/\/adn-decouverte-blogs.fr\/accueil\/wp-content\/uploads\/2021\/01\/dog-hybrid-mixed-breed-dog-5913243-1024x686.jpg 1024w, https:\/\/adn-decouverte-blogs.fr\/accueil\/wp-content\/uploads\/2021\/01\/dog-hybrid-mixed-breed-dog-5913243-300x201.jpg 300w, https:\/\/adn-decouverte-blogs.fr\/accueil\/wp-content\/uploads\/2021\/01\/dog-hybrid-mixed-breed-dog-5913243-768x515.jpg 768w, https:\/\/adn-decouverte-blogs.fr\/accueil\/wp-content\/uploads\/2021\/01\/dog-hybrid-mixed-breed-dog-5913243.jpg 1280w\" sizes=\"auto, (max-width: 1024px) 100vw, 1024px\" \/>\t\t\t\t\t\t\t\t\t\t\t<figcaption class=\"widget-image-caption wp-caption-text\">Chien et Compagnie<\/figcaption>\n\t\t\t\t\t\t\t\t\t\t<\/figure>\n\t\t\t\t\t<\/div>\n\t\t\t\t<\/div>\n\t\t\t\t<\/div>\n\t\t\t\t\t\t<\/div>\n\t\t\t\t\t<\/div>\n\t\t<\/div>\n\t\t\t\t<div class=\"elementor-column elementor-col-16 elementor-top-column elementor-element elementor-element-77747ca\" data-id=\"77747ca\" data-element_type=\"column\">\n\t\t\t<div class=\"elementor-column-wrap elementor-element-populated\">\n\t\t\t\t\t\t\t<div class=\"elementor-widget-wrap\">\n\t\t\t\t\t\t<div class=\"elementor-element elementor-element-73a1558 elementor-widget elementor-widget-image\" data-id=\"73a1558\" data-element_type=\"widget\" data-widget_type=\"image.default\">\n\t\t\t\t<div class=\"elementor-widget-container\">\n\t\t\t\t\t<div class=\"elementor-image\">\n\t\t\t\t\t\t\t<figure class=\"wp-caption\">\n\t\t\t\t\t\t\t\t\t\t<img loading=\"lazy\" decoding=\"async\" width=\"1024\" height=\"684\" src=\"https:\/\/adn-decouverte-blogs.fr\/accueil\/wp-content\/uploads\/2021\/01\/wood-mouse-snow-winter-5918868-1024x684.jpg\" class=\"attachment-large size-large\" alt=\"wood mouse, snow, winter\" srcset=\"https:\/\/adn-decouverte-blogs.fr\/accueil\/wp-content\/uploads\/2021\/01\/wood-mouse-snow-winter-5918868-1024x684.jpg 1024w, https:\/\/adn-decouverte-blogs.fr\/accueil\/wp-content\/uploads\/2021\/01\/wood-mouse-snow-winter-5918868-300x200.jpg 300w, https:\/\/adn-decouverte-blogs.fr\/accueil\/wp-content\/uploads\/2021\/01\/wood-mouse-snow-winter-5918868-768x513.jpg 768w, https:\/\/adn-decouverte-blogs.fr\/accueil\/wp-content\/uploads\/2021\/01\/wood-mouse-snow-winter-5918868.jpg 1280w\" sizes=\"auto, (max-width: 1024px) 100vw, 1024px\" \/>\t\t\t\t\t\t\t\t\t\t\t<figcaption class=\"widget-image-caption wp-caption-text\">Petit \u00e9cureuil<\/figcaption>\n\t\t\t\t\t\t\t\t\t\t<\/figure>\n\t\t\t\t\t<\/div>\n\t\t\t\t<\/div>\n\t\t\t\t<\/div>\n\t\t\t\t\t\t<\/div>\n\t\t\t\t\t<\/div>\n\t\t<\/div>\n\t\t\t\t\t\t\t\t<\/div>\n\t\t\t\t\t<\/div>\n\t\t<\/section>\n\t\t\t\t<section class=\"elementor-section elementor-top-section elementor-element elementor-element-3d3857d elementor-section-height-min-height elementor-section-boxed elementor-section-height-default elementor-section-items-middle\" data-id=\"3d3857d\" data-element_type=\"section\">\n\t\t\t\t\t\t<div class=\"elementor-container elementor-column-gap-narrow\">\n\t\t\t\t\t\t\t<div class=\"elementor-row\">\n\t\t\t\t\t<div class=\"elementor-column elementor-col-100 elementor-top-column elementor-element elementor-element-22456ce\" data-id=\"22456ce\" data-element_type=\"column\">\n\t\t\t<div class=\"elementor-column-wrap elementor-element-populated\">\n\t\t\t\t\t\t\t<div class=\"elementor-widget-wrap\">\n\t\t\t\t\t\t<div class=\"elementor-element elementor-element-deadfd8 elementor-widget elementor-widget-text-editor\" data-id=\"deadfd8\" data-element_type=\"widget\" data-widget_type=\"text-editor.default\">\n\t\t\t\t<div class=\"elementor-widget-container\">\n\t\t\t\t\t<div class=\"elementor-text-editor elementor-clearfix\"><p>Selection de photos<\/p><\/div>\n\t\t\t\t<\/div>\n\t\t\t\t<\/div>\n\t\t\t\t\t\t<\/div>\n\t\t\t\t\t<\/div>\n\t\t<\/div>\n\t\t\t\t\t\t\t\t<\/div>\n\t\t\t\t\t<\/div>\n\t\t<\/section>\n\t\t\t\t<section class=\"elementor-section elementor-top-section elementor-element elementor-element-4fa11189 elementor-section-boxed elementor-section-height-default elementor-section-height-default\" data-id=\"4fa11189\" data-element_type=\"section\" data-settings=\"{&quot;background_background&quot;:&quot;gradient&quot;}\">\n\t\t\t\t\t\t<div class=\"elementor-container elementor-column-gap-no\">\n\t\t\t\t\t\t\t<div class=\"elementor-row\">\n\t\t\t\t\t<div class=\"elementor-column elementor-col-100 elementor-top-column elementor-element elementor-element-6a0cb495\" data-id=\"6a0cb495\" data-element_type=\"column\">\n\t\t\t<div class=\"elementor-column-wrap elementor-element-populated\">\n\t\t\t\t\t\t\t<div class=\"elementor-widget-wrap\">\n\t\t\t\t\t\t<div class=\"elementor-element elementor-element-4d9d9662 gallery-spacing-custom elementor-invisible elementor-widget elementor-widget-image-gallery\" data-id=\"4d9d9662\" data-element_type=\"widget\" data-settings=\"{&quot;_animation&quot;:&quot;bounceIn&quot;}\" data-widget_type=\"image-gallery.default\">\n\t\t\t\t<div class=\"elementor-widget-container\">\n\t\t\t\t\t<div class=\"elementor-image-gallery\">\n\t\t\t<div id='gallery-1' class='gallery galleryid-218 gallery-columns-3 gallery-size-medium'><figure class='gallery-item'>\n\t\t\t<div class='gallery-icon landscape'>\n\t\t\t\t<a data-elementor-open-lightbox=\"yes\" data-elementor-lightbox-slideshow=\"4d9d9662\" data-elementor-lightbox-title=\"IMG-20200803-WA0063\" href='https:\/\/adn-decouverte-blogs.fr\/accueil\/wp-content\/uploads\/2021\/02\/IMG-20200803-WA0063.jpg'><img loading=\"lazy\" decoding=\"async\" width=\"300\" height=\"225\" src=\"https:\/\/adn-decouverte-blogs.fr\/accueil\/wp-content\/uploads\/2021\/02\/IMG-20200803-WA0063-300x225.jpg\" class=\"attachment-medium size-medium\" alt=\"\" srcset=\"https:\/\/adn-decouverte-blogs.fr\/accueil\/wp-content\/uploads\/2021\/02\/IMG-20200803-WA0063-300x225.jpg 300w, https:\/\/adn-decouverte-blogs.fr\/accueil\/wp-content\/uploads\/2021\/02\/IMG-20200803-WA0063-1024x768.jpg 1024w, https:\/\/adn-decouverte-blogs.fr\/accueil\/wp-content\/uploads\/2021\/02\/IMG-20200803-WA0063-768x576.jpg 768w, https:\/\/adn-decouverte-blogs.fr\/accueil\/wp-content\/uploads\/2021\/02\/IMG-20200803-WA0063-1536x1152.jpg 1536w, https:\/\/adn-decouverte-blogs.fr\/accueil\/wp-content\/uploads\/2021\/02\/IMG-20200803-WA0063.jpg 1600w\" sizes=\"auto, (max-width: 300px) 100vw, 300px\" \/><\/a>\n\t\t\t<\/div><\/figure><figure class='gallery-item'>\n\t\t\t<div class='gallery-icon landscape'>\n\t\t\t\t<a data-elementor-open-lightbox=\"yes\" data-elementor-lightbox-slideshow=\"4d9d9662\" data-elementor-lightbox-title=\"IMG-20200803-WA0067\" href='https:\/\/adn-decouverte-blogs.fr\/accueil\/wp-content\/uploads\/2021\/02\/IMG-20200803-WA0067.jpg'><img loading=\"lazy\" decoding=\"async\" width=\"300\" height=\"225\" src=\"https:\/\/adn-decouverte-blogs.fr\/accueil\/wp-content\/uploads\/2021\/02\/IMG-20200803-WA0067-300x225.jpg\" class=\"attachment-medium size-medium\" alt=\"\" srcset=\"https:\/\/adn-decouverte-blogs.fr\/accueil\/wp-content\/uploads\/2021\/02\/IMG-20200803-WA0067-300x225.jpg 300w, https:\/\/adn-decouverte-blogs.fr\/accueil\/wp-content\/uploads\/2021\/02\/IMG-20200803-WA0067-1024x768.jpg 1024w, https:\/\/adn-decouverte-blogs.fr\/accueil\/wp-content\/uploads\/2021\/02\/IMG-20200803-WA0067-768x576.jpg 768w, https:\/\/adn-decouverte-blogs.fr\/accueil\/wp-content\/uploads\/2021\/02\/IMG-20200803-WA0067-1536x1152.jpg 1536w, https:\/\/adn-decouverte-blogs.fr\/accueil\/wp-content\/uploads\/2021\/02\/IMG-20200803-WA0067.jpg 1600w\" sizes=\"auto, (max-width: 300px) 100vw, 300px\" \/><\/a>\n\t\t\t<\/div><\/figure><figure class='gallery-item'>\n\t\t\t<div class='gallery-icon landscape'>\n\t\t\t\t<a data-elementor-open-lightbox=\"yes\" data-elementor-lightbox-slideshow=\"4d9d9662\" data-elementor-lightbox-title=\"IMG-20200803-WA0070\" href='https:\/\/adn-decouverte-blogs.fr\/accueil\/wp-content\/uploads\/2021\/02\/IMG-20200803-WA0070.jpg'><img loading=\"lazy\" decoding=\"async\" width=\"300\" height=\"225\" src=\"https:\/\/adn-decouverte-blogs.fr\/accueil\/wp-content\/uploads\/2021\/02\/IMG-20200803-WA0070-300x225.jpg\" class=\"attachment-medium size-medium\" alt=\"\" srcset=\"https:\/\/adn-decouverte-blogs.fr\/accueil\/wp-content\/uploads\/2021\/02\/IMG-20200803-WA0070-300x225.jpg 300w, https:\/\/adn-decouverte-blogs.fr\/accueil\/wp-content\/uploads\/2021\/02\/IMG-20200803-WA0070-1024x768.jpg 1024w, https:\/\/adn-decouverte-blogs.fr\/accueil\/wp-content\/uploads\/2021\/02\/IMG-20200803-WA0070-768x576.jpg 768w, https:\/\/adn-decouverte-blogs.fr\/accueil\/wp-content\/uploads\/2021\/02\/IMG-20200803-WA0070-1536x1152.jpg 1536w, https:\/\/adn-decouverte-blogs.fr\/accueil\/wp-content\/uploads\/2021\/02\/IMG-20200803-WA0070.jpg 1600w\" sizes=\"auto, (max-width: 300px) 100vw, 300px\" \/><\/a>\n\t\t\t<\/div><\/figure><figure class='gallery-item'>\n\t\t\t<div class='gallery-icon portrait'>\n\t\t\t\t<a data-elementor-open-lightbox=\"yes\" data-elementor-lightbox-slideshow=\"4d9d9662\" data-elementor-lightbox-title=\"IMG-20200804-WA0005\" href='https:\/\/adn-decouverte-blogs.fr\/accueil\/wp-content\/uploads\/2021\/02\/IMG-20200804-WA0005.jpg'><img loading=\"lazy\" decoding=\"async\" width=\"225\" height=\"300\" src=\"https:\/\/adn-decouverte-blogs.fr\/accueil\/wp-content\/uploads\/2021\/02\/IMG-20200804-WA0005-225x300.jpg\" class=\"attachment-medium size-medium\" alt=\"\" srcset=\"https:\/\/adn-decouverte-blogs.fr\/accueil\/wp-content\/uploads\/2021\/02\/IMG-20200804-WA0005-225x300.jpg 225w, https:\/\/adn-decouverte-blogs.fr\/accueil\/wp-content\/uploads\/2021\/02\/IMG-20200804-WA0005-768x1023.jpg 768w, https:\/\/adn-decouverte-blogs.fr\/accueil\/wp-content\/uploads\/2021\/02\/IMG-20200804-WA0005-1153x1536.jpg 1153w, https:\/\/adn-decouverte-blogs.fr\/accueil\/wp-content\/uploads\/2021\/02\/IMG-20200804-WA0005.jpg 1200w\" sizes=\"auto, (max-width: 225px) 100vw, 225px\" \/><\/a>\n\t\t\t<\/div><\/figure><figure class='gallery-item'>\n\t\t\t<div class='gallery-icon portrait'>\n\t\t\t\t<a data-elementor-open-lightbox=\"yes\" data-elementor-lightbox-slideshow=\"4d9d9662\" data-elementor-lightbox-title=\"IMG-20200804-WA0027\" href='https:\/\/adn-decouverte-blogs.fr\/accueil\/wp-content\/uploads\/2021\/02\/IMG-20200804-WA0027.jpg'><img loading=\"lazy\" decoding=\"async\" width=\"225\" height=\"300\" src=\"https:\/\/adn-decouverte-blogs.fr\/accueil\/wp-content\/uploads\/2021\/02\/IMG-20200804-WA0027-225x300.jpg\" class=\"attachment-medium size-medium\" alt=\"\" srcset=\"https:\/\/adn-decouverte-blogs.fr\/accueil\/wp-content\/uploads\/2021\/02\/IMG-20200804-WA0027-225x300.jpg 225w, https:\/\/adn-decouverte-blogs.fr\/accueil\/wp-content\/uploads\/2021\/02\/IMG-20200804-WA0027-768x1024.jpg 768w, https:\/\/adn-decouverte-blogs.fr\/accueil\/wp-content\/uploads\/2021\/02\/IMG-20200804-WA0027-1152x1536.jpg 1152w, https:\/\/adn-decouverte-blogs.fr\/accueil\/wp-content\/uploads\/2021\/02\/IMG-20200804-WA0027.jpg 1200w\" sizes=\"auto, (max-width: 225px) 100vw, 225px\" \/><\/a>\n\t\t\t<\/div><\/figure><figure class='gallery-item'>\n\t\t\t<div class='gallery-icon portrait'>\n\t\t\t\t<a data-elementor-open-lightbox=\"yes\" data-elementor-lightbox-slideshow=\"4d9d9662\" data-elementor-lightbox-title=\"IMG-20200806-WA0017\" href='https:\/\/adn-decouverte-blogs.fr\/accueil\/wp-content\/uploads\/2021\/02\/IMG-20200806-WA0017.jpg'><img loading=\"lazy\" decoding=\"async\" width=\"225\" height=\"300\" src=\"https:\/\/adn-decouverte-blogs.fr\/accueil\/wp-content\/uploads\/2021\/02\/IMG-20200806-WA0017-225x300.jpg\" class=\"attachment-medium size-medium\" alt=\"\" srcset=\"https:\/\/adn-decouverte-blogs.fr\/accueil\/wp-content\/uploads\/2021\/02\/IMG-20200806-WA0017-225x300.jpg 225w, https:\/\/adn-decouverte-blogs.fr\/accueil\/wp-content\/uploads\/2021\/02\/IMG-20200806-WA0017-768x1024.jpg 768w, https:\/\/adn-decouverte-blogs.fr\/accueil\/wp-content\/uploads\/2021\/02\/IMG-20200806-WA0017-1152x1536.jpg 1152w, https:\/\/adn-decouverte-blogs.fr\/accueil\/wp-content\/uploads\/2021\/02\/IMG-20200806-WA0017.jpg 1200w\" sizes=\"auto, (max-width: 225px) 100vw, 225px\" \/><\/a>\n\t\t\t<\/div><\/figure>\n\t\t<\/div>\n\t\t<\/div>\n\t\t\t\t<\/div>\n\t\t\t\t<\/div>\n\t\t\t\t\t\t<\/div>\n\t\t\t\t\t<\/div>\n\t\t<\/div>\n\t\t\t\t\t\t\t\t<\/div>\n\t\t\t\t\t<\/div>\n\t\t<\/section>\n\t\t\t\t\t\t<\/div>\n\t\t\t\t\t\t<\/div>\n\t\t\t\t\t<\/div>\n\t\t","protected":false},"excerpt":{"rendered":"<p>ADN BLOGS Lorem ipsum dolor sit amet, consectetur adipiscing elit. Ut elit tellus, luctus nec ullamcorper mattis, pulvinar dapibus leo. Et\u00e9 2021 Retrouver tous les blogs de s\u00e9jours Copain des sables Les Petits Robinsons Apprentis Pirates Poney Circus Chien et Compagnie Petit \u00e9cureuil Selection de photos<\/p>\n","protected":false},"author":1,"featured_media":0,"parent":0,"menu_order":0,"comment_status":"closed","ping_status":"closed","template":"","meta":{"footnotes":""},"class_list":["post-218","page","type-page","status-publish","hentry"],"_links":{"self":[{"href":"https:\/\/adn-decouverte-blogs.fr\/accueil\/index.php\/wp-json\/wp\/v2\/pages\/218","targetHints":{"allow":["GET"]}}],"collection":[{"href":"https:\/\/adn-decouverte-blogs.fr\/accueil\/index.php\/wp-json\/wp\/v2\/pages"}],"about":[{"href":"https:\/\/adn-decouverte-blogs.fr\/accueil\/index.php\/wp-json\/wp\/v2\/types\/page"}],"author":[{"embeddable":true,"href":"https:\/\/adn-decouverte-blogs.fr\/accueil\/index.php\/wp-json\/wp\/v2\/users\/1"}],"replies":[{"embeddable":true,"href":"https:\/\/adn-decouverte-blogs.fr\/accueil\/index.php\/wp-json\/wp\/v2\/comments?post=218"}],"version-history":[{"count":28,"href":"https:\/\/adn-decouverte-blogs.fr\/accueil\/index.php\/wp-json\/wp\/v2\/pages\/218\/revisions"}],"predecessor-version":[{"id":331,"href":"https:\/\/adn-decouverte-blogs.fr\/accueil\/index.php\/wp-json\/wp\/v2\/pages\/218\/revisions\/331"}],"wp:attachment":[{"href":"https:\/\/adn-decouverte-blogs.fr\/accueil\/index.php\/wp-json\/wp\/v2\/media?parent=218"}],"curies":[{"name":"wp","href":"https:\/\/api.w.org\/{rel}","templated":true}]}}